{"id":298,"date":"2019-02-22T13:57:48","date_gmt":"2019-02-22T18:57:48","guid":{"rendered":"http:\/\/chilliwack.a2dev.trapeze.ca\/?page_id=298"},"modified":"2019-04-10T16:02:40","modified_gmt":"2019-04-10T20:02:40","slug":"services-de-gestion-de-cas","status":"publish","type":"page","link":"https:\/\/workbccentre-princegeorge.ca\/fr\/travail\/services-de-gestion-de-cas\/","title":{"rendered":"Services de gestion de cas"},"content":{"rendered":"\n<p>En collaboration avec un conseiller en emploi, vous pourrez d\u00e9terminer vos objectifs d\u2019emploi et cr\u00e9er un plan d\u2019action pour vous aider \u00e0 obtenir et \u00e0 conserver un emploi durable. Nous offrons une gamme \u00e9tendue de services aux clients faisant l\u2019objet d\u2019une gestion de cas, notamment:<\/p>\n\n\n\n<ul class=\"wp-block-list\"><li>des ateliers de groupe et des s\u00e9ances individuelles de tutorat<\/li><li> des services de formation<\/li><li> des \u00e9valuations professionnelles<\/li><li>des possibilit\u00e9s de travail ind\u00e9pendant <\/li><li>des possibilit\u00e9s de subventions salariales<\/li><li>une planification personnalis\u00e9e de recherche d\u2019emploi<\/li><\/ul>\n\n\n<a class=\"btn btn-primary\" href=\"\/fr\/contact\/\" role=\"button\">Nous Joindre<\/a>\n\n\n<a class=\"btn btn-primary\" href=\"http:\/\/apply.workbc.ca\/intake\/locationpicker.aspx?type=IND\" role=\"button\">Faire Une Demande En Ligne<\/a>\n","protected":false},"excerpt":{"rendered":"<p>En collaboration avec un conseiller en emploi, vous pourrez d\u00e9terminer vos objectifs d\u2019emploi et cr\u00e9er un plan d\u2019action pour vous aider \u00e0 obtenir et \u00e0 conserver un emploi durable. Nous offrons une gamme \u00e9tendue de services aux clients faisant l\u2019objet d\u2019une gestion de cas, notamment: des ateliers de groupe et des s\u00e9ances individuelles de tutorat [&hellip;]<\/p>\n","protected":false},"author":3,"featured_media":335,"parent":245,"menu_order":0,"comment_status":"closed","ping_status":"closed","template":"","meta":{"_acf_changed":false,"footnotes":""},"class_list":["post-298","page","type-page","status-publish","has-post-thumbnail","hentry"],"acf":[],"yoast_head":"<!-- This site is optimized with the Yoast SEO plugin v27.4 - https:\/\/yoast.com\/product\/yoast-seo-wordpress\/ -->\n<title>Services de gestion de cas &#8211; WorkBC Prince George<\/title>\n<meta name=\"robots\" content=\"index, follow, max-snippet:-1, max-image-preview:large, max-video-preview:-1\" \/>\n<link rel=\"canonical\" href=\"https:\/\/workbccentre-princegeorge.ca\/fr\/travail\/services-de-gestion-de-cas\/\" \/>\n<meta property=\"og:locale\" content=\"fr_FR\" \/>\n<meta property=\"og:type\" content=\"article\" \/>\n<meta property=\"og:title\" content=\"Services de gestion de cas &#8211; WorkBC Prince George\" \/>\n<meta property=\"og:description\" content=\"En collaboration avec un conseiller en emploi, vous pourrez d\u00e9terminer vos objectifs d\u2019emploi et cr\u00e9er un plan d\u2019action pour vous aider \u00e0 obtenir et \u00e0 conserver un emploi durable. Nous offrons une gamme \u00e9tendue de services aux clients faisant l\u2019objet d\u2019une gestion de cas, notamment: des ateliers de groupe et des s\u00e9ances individuelles de tutorat [&hellip;]\" \/>\n<meta property=\"og:url\" content=\"\/fr\/travail\/services-de-gestion-de-cas\/\" \/>\n<meta property=\"og:site_name\" content=\"WorkBC Prince George\" \/>\n<meta property=\"article:publisher\" content=\"https:\/\/facebook.com\/workbcprincegeorge\" \/>\n<meta property=\"article:modified_time\" content=\"2019-04-10T20:02:40+00:00\" \/>\n<meta property=\"og:image\" content=\"https:\/\/workbccentre-princegeorge.ca\/wp-content\/uploads\/2019\/02\/workbc_case_management_services.jpg\" \/>\n\t<meta property=\"og:image:width\" content=\"1140\" \/>\n\t<meta property=\"og:image:height\" content=\"250\" \/>\n\t<meta property=\"og:image:type\" content=\"image\/jpeg\" \/>\n<meta name=\"twitter:card\" content=\"summary_large_image\" \/>\n<meta name=\"twitter:label1\" content=\"Dur\u00e9e de lecture estim\u00e9e\" \/>\n\t<meta name=\"twitter:data1\" content=\"1 minute\" \/>\n<script type=\"application\/ld+json\" class=\"yoast-schema-graph\">{\"@context\":\"https:\\\/\\\/schema.org\",\"@graph\":[{\"@type\":\"WebPage\",\"@id\":\"\\\/fr\\\/travail\\\/services-de-gestion-de-cas\\\/\",\"url\":\"https:\\\/\\\/workbccentre-princegeorge.ca\\\/fr\\\/travail\\\/services-de-gestion-de-cas\\\/\",\"name\":\"Services de gestion de cas &#8211; WorkBC Prince George\",\"isPartOf\":{\"@id\":\"https:\\\/\\\/workbccentre-princegeorge.ca\\\/#website\"},\"primaryImageOfPage\":{\"@id\":\"https:\\\/\\\/workbccentre-princegeorge.ca\\\/fr\\\/travail\\\/services-de-gestion-de-cas\\\/#primaryimage\"},\"image\":{\"@id\":\"https:\\\/\\\/workbccentre-princegeorge.ca\\\/fr\\\/travail\\\/services-de-gestion-de-cas\\\/#primaryimage\"},\"thumbnailUrl\":\"https:\\\/\\\/workbccentre-princegeorge.ca\\\/wp-content\\\/uploads\\\/2019\\\/02\\\/workbc_case_management_services.jpg\",\"datePublished\":\"2019-02-22T18:57:48+00:00\",\"dateModified\":\"2019-04-10T20:02:40+00:00\",\"breadcrumb\":{\"@id\":\"https:\\\/\\\/workbccentre-princegeorge.ca\\\/fr\\\/travail\\\/services-de-gestion-de-cas\\\/#breadcrumb\"},\"inLanguage\":\"fr-FR\",\"potentialAction\":[{\"@type\":\"ReadAction\",\"target\":[\"https:\\\/\\\/workbccentre-princegeorge.ca\\\/fr\\\/travail\\\/services-de-gestion-de-cas\\\/\"]}]},{\"@type\":\"ImageObject\",\"inLanguage\":\"fr-FR\",\"@id\":\"https:\\\/\\\/workbccentre-princegeorge.ca\\\/fr\\\/travail\\\/services-de-gestion-de-cas\\\/#primaryimage\",\"url\":\"https:\\\/\\\/workbccentre-princegeorge.ca\\\/wp-content\\\/uploads\\\/2019\\\/02\\\/workbc_case_management_services.jpg\",\"contentUrl\":\"https:\\\/\\\/workbccentre-princegeorge.ca\\\/wp-content\\\/uploads\\\/2019\\\/02\\\/workbc_case_management_services.jpg\",\"width\":1140,\"height\":250},{\"@type\":\"BreadcrumbList\",\"@id\":\"https:\\\/\\\/workbccentre-princegeorge.ca\\\/fr\\\/travail\\\/services-de-gestion-de-cas\\\/#breadcrumb\",\"itemListElement\":[{\"@type\":\"ListItem\",\"position\":1,\"name\":\"Accueil\",\"item\":\"\\\/fr\\\/\"},{\"@type\":\"ListItem\",\"position\":2,\"name\":\"Travail\",\"item\":\"\\\/fr\\\/travail\\\/\"},{\"@type\":\"ListItem\",\"position\":3,\"name\":\"Services de gestion de cas\"}]},{\"@type\":\"WebSite\",\"@id\":\"https:\\\/\\\/workbccentre-princegeorge.ca\\\/#website\",\"url\":\"https:\\\/\\\/workbccentre-princegeorge.ca\\\/\",\"name\":\"WorkBC Prince George\",\"description\":\"WorkBC Centre\",\"potentialAction\":[{\"@type\":\"SearchAction\",\"target\":{\"@type\":\"EntryPoint\",\"urlTemplate\":\"https:\\\/\\\/workbccentre-princegeorge.ca\\\/?s={search_term_string}\"},\"query-input\":{\"@type\":\"PropertyValueSpecification\",\"valueRequired\":true,\"valueName\":\"search_term_string\"}}],\"inLanguage\":\"fr-FR\"}]}<\/script>\n<!-- \/ Yoast SEO plugin. -->","yoast_head_json":{"title":"Services de gestion de cas &#8211; WorkBC Prince George","robots":{"index":"index","follow":"follow","max-snippet":"max-snippet:-1","max-image-preview":"max-image-preview:large","max-video-preview":"max-video-preview:-1"},"canonical":"https:\/\/workbccentre-princegeorge.ca\/fr\/travail\/services-de-gestion-de-cas\/","og_locale":"fr_FR","og_type":"article","og_title":"Services de gestion de cas &#8211; WorkBC Prince George","og_description":"En collaboration avec un conseiller en emploi, vous pourrez d\u00e9terminer vos objectifs d\u2019emploi et cr\u00e9er un plan d\u2019action pour vous aider \u00e0 obtenir et \u00e0 conserver un emploi durable. Nous offrons une gamme \u00e9tendue de services aux clients faisant l\u2019objet d\u2019une gestion de cas, notamment: des ateliers de groupe et des s\u00e9ances individuelles de tutorat [&hellip;]","og_url":"\/fr\/travail\/services-de-gestion-de-cas\/","og_site_name":"WorkBC Prince George","article_publisher":"https:\/\/facebook.com\/workbcprincegeorge","article_modified_time":"2019-04-10T20:02:40+00:00","og_image":[{"width":1140,"height":250,"url":"https:\/\/workbccentre-princegeorge.ca\/wp-content\/uploads\/2019\/02\/workbc_case_management_services.jpg","type":"image\/jpeg"}],"twitter_card":"summary_large_image","twitter_misc":{"Dur\u00e9e de lecture estim\u00e9e":"1 minute"},"schema":{"@context":"https:\/\/schema.org","@graph":[{"@type":"WebPage","@id":"\/fr\/travail\/services-de-gestion-de-cas\/","url":"https:\/\/workbccentre-princegeorge.ca\/fr\/travail\/services-de-gestion-de-cas\/","name":"Services de gestion de cas &#8211; WorkBC Prince George","isPartOf":{"@id":"https:\/\/workbccentre-princegeorge.ca\/#website"},"primaryImageOfPage":{"@id":"https:\/\/workbccentre-princegeorge.ca\/fr\/travail\/services-de-gestion-de-cas\/#primaryimage"},"image":{"@id":"https:\/\/workbccentre-princegeorge.ca\/fr\/travail\/services-de-gestion-de-cas\/#primaryimage"},"thumbnailUrl":"https:\/\/workbccentre-princegeorge.ca\/wp-content\/uploads\/2019\/02\/workbc_case_management_services.jpg","datePublished":"2019-02-22T18:57:48+00:00","dateModified":"2019-04-10T20:02:40+00:00","breadcrumb":{"@id":"https:\/\/workbccentre-princegeorge.ca\/fr\/travail\/services-de-gestion-de-cas\/#breadcrumb"},"inLanguage":"fr-FR","potentialAction":[{"@type":"ReadAction","target":["https:\/\/workbccentre-princegeorge.ca\/fr\/travail\/services-de-gestion-de-cas\/"]}]},{"@type":"ImageObject","inLanguage":"fr-FR","@id":"https:\/\/workbccentre-princegeorge.ca\/fr\/travail\/services-de-gestion-de-cas\/#primaryimage","url":"https:\/\/workbccentre-princegeorge.ca\/wp-content\/uploads\/2019\/02\/workbc_case_management_services.jpg","contentUrl":"https:\/\/workbccentre-princegeorge.ca\/wp-content\/uploads\/2019\/02\/workbc_case_management_services.jpg","width":1140,"height":250},{"@type":"BreadcrumbList","@id":"https:\/\/workbccentre-princegeorge.ca\/fr\/travail\/services-de-gestion-de-cas\/#breadcrumb","itemListElement":[{"@type":"ListItem","position":1,"name":"Accueil","item":"\/fr\/"},{"@type":"ListItem","position":2,"name":"Travail","item":"\/fr\/travail\/"},{"@type":"ListItem","position":3,"name":"Services de gestion de cas"}]},{"@type":"WebSite","@id":"https:\/\/workbccentre-princegeorge.ca\/#website","url":"https:\/\/workbccentre-princegeorge.ca\/","name":"WorkBC Prince George","description":"WorkBC Centre","potentialAction":[{"@type":"SearchAction","target":{"@type":"EntryPoint","urlTemplate":"https:\/\/workbccentre-princegeorge.ca\/?s={search_term_string}"},"query-input":{"@type":"PropertyValueSpecification","valueRequired":true,"valueName":"search_term_string"}}],"inLanguage":"fr-FR"}]}},"_links":{"self":[{"href":"https:\/\/workbccentre-princegeorge.ca\/fr\/wp-json\/wp\/v2\/pages\/298","targetHints":{"allow":["GET"]}}],"collection":[{"href":"https:\/\/workbccentre-princegeorge.ca\/fr\/wp-json\/wp\/v2\/pages"}],"about":[{"href":"https:\/\/workbccentre-princegeorge.ca\/fr\/wp-json\/wp\/v2\/types\/page"}],"author":[{"embeddable":true,"href":"https:\/\/workbccentre-princegeorge.ca\/fr\/wp-json\/wp\/v2\/users\/3"}],"replies":[{"embeddable":true,"href":"https:\/\/workbccentre-princegeorge.ca\/fr\/wp-json\/wp\/v2\/comments?post=298"}],"version-history":[{"count":0,"href":"https:\/\/workbccentre-princegeorge.ca\/fr\/wp-json\/wp\/v2\/pages\/298\/revisions"}],"up":[{"embeddable":true,"href":"https:\/\/workbccentre-princegeorge.ca\/fr\/wp-json\/wp\/v2\/pages\/245"}],"wp:featuredmedia":[{"embeddable":true,"href":"https:\/\/workbccentre-princegeorge.ca\/fr\/wp-json\/wp\/v2\/media\/335"}],"wp:attachment":[{"href":"https:\/\/workbccentre-princegeorge.ca\/fr\/wp-json\/wp\/v2\/media?parent=298"}],"curies":[{"name":"wp","href":"https:\/\/api.w.org\/{rel}","templated":true}]}}