{"id":294,"date":"2019-02-22T13:53:31","date_gmt":"2019-02-22T18:53:31","guid":{"rendered":"http:\/\/chilliwack.a2dev.trapeze.ca\/?page_id=294"},"modified":"2019-02-22T13:53:33","modified_gmt":"2019-02-22T18:53:33","slug":"exploration-de-carriere","status":"publish","type":"page","link":"https:\/\/workbccentre-princegeorge.ca\/fr\/travail\/exploration-de-carriere\/","title":{"rendered":"Exploration de carri\u00e8re"},"content":{"rendered":"\n<p>Trouvez l\u2019emploi de vos r\u00eaves! Notre personnel sympathique se fera un plaisir de discuter des possibilit\u00e9s de carri\u00e8re qui s\u2019offrent \u00e0 vous et de vous aider \u00e0 trouver l\u2019emploi qui vous convient. Un \u00e9ventail de ressources sont accessibles en ligne pour vous aider \u00e0 en apprendre davantage sur les emplois offerts en Colombie-Britannique. Ces ressources fournissent un aper\u00e7u des emplois, des t\u00e2ches et responsabilit\u00e9s et des salaires.<\/p>\n\n\n\n<p><strong>Profils de carri\u00e8re<\/strong><br> Avec les profils de carri\u00e8re, vous d\u00e9couvrirez tout ce dont vous avez besoin sur les emplois qui vous int\u00e9ressent, allant des t\u00e2ches \u00e0 accomplir jusqu\u2019\u00e0 la demande pr\u00e9vue.<\/p>\n\n\n\n<p><strong>Boussole de carri\u00e8re (\u00ab Career Compass \u00bb)<\/strong><br> Apprenez quelles carri\u00e8res vous conviennent le mieux en r\u00e9pondant \u00e0 des questionnaires interactifs en ligne.<\/p>\n\n\n\n<p><strong>Career Trek<\/strong><br>D\u00e9couvrez une nouvelle carri\u00e8re par l\u2019interm\u00e9diaire de vid\u00e9os. Les animateurs Viviana et Brian ont parcouru plus de 10 000 km \u00e0 travers la province pour donner corps \u00e0 137 carri\u00e8res gr\u00e2ce \u00e0 ces vid\u00e9os informatives.<\/p>\n","protected":false},"excerpt":{"rendered":"<p>Trouvez l\u2019emploi de vos r\u00eaves! Notre personnel sympathique se fera un plaisir de discuter des possibilit\u00e9s de carri\u00e8re qui s\u2019offrent \u00e0 vous et de vous aider \u00e0 trouver l\u2019emploi qui vous convient. Un \u00e9ventail de ressources sont accessibles en ligne pour vous aider \u00e0 en apprendre davantage sur les emplois offerts en Colombie-Britannique. Ces ressources [&hellip;]<\/p>\n","protected":false},"author":3,"featured_media":170,"parent":245,"menu_order":0,"comment_status":"closed","ping_status":"closed","template":"","meta":{"_acf_changed":false,"footnotes":""},"class_list":["post-294","page","type-page","status-publish","has-post-thumbnail","hentry"],"acf":[],"yoast_head":"<!-- This site is optimized with the Yoast SEO plugin v27.4 - https:\/\/yoast.com\/product\/yoast-seo-wordpress\/ -->\n<title>Exploration de carri\u00e8re &#8211; WorkBC Prince George<\/title>\n<meta name=\"robots\" content=\"index, follow, max-snippet:-1, max-image-preview:large, max-video-preview:-1\" \/>\n<link rel=\"canonical\" href=\"https:\/\/workbccentre-princegeorge.ca\/fr\/travail\/exploration-de-carriere\/\" \/>\n<meta property=\"og:locale\" content=\"fr_FR\" \/>\n<meta property=\"og:type\" content=\"article\" \/>\n<meta property=\"og:title\" content=\"Exploration de carri\u00e8re &#8211; WorkBC Prince George\" \/>\n<meta property=\"og:description\" content=\"Trouvez l\u2019emploi de vos r\u00eaves! Notre personnel sympathique se fera un plaisir de discuter des possibilit\u00e9s de carri\u00e8re qui s\u2019offrent \u00e0 vous et de vous aider \u00e0 trouver l\u2019emploi qui vous convient. Un \u00e9ventail de ressources sont accessibles en ligne pour vous aider \u00e0 en apprendre davantage sur les emplois offerts en Colombie-Britannique. Ces ressources [&hellip;]\" \/>\n<meta property=\"og:url\" content=\"\/fr\/travail\/exploration-de-carriere\/\" \/>\n<meta property=\"og:site_name\" content=\"WorkBC Prince George\" \/>\n<meta property=\"article:publisher\" content=\"https:\/\/facebook.com\/workbcprincegeorge\" \/>\n<meta property=\"article:modified_time\" content=\"2019-02-22T18:53:33+00:00\" \/>\n<meta property=\"og:image\" content=\"https:\/\/workbccentre-princegeorge.ca\/wp-content\/uploads\/2019\/02\/careers.jpg\" \/>\n\t<meta property=\"og:image:width\" content=\"1140\" \/>\n\t<meta property=\"og:image:height\" content=\"250\" \/>\n\t<meta property=\"og:image:type\" content=\"image\/jpeg\" \/>\n<meta name=\"twitter:card\" content=\"summary_large_image\" \/>\n<meta name=\"twitter:label1\" content=\"Dur\u00e9e de lecture estim\u00e9e\" \/>\n\t<meta name=\"twitter:data1\" content=\"1 minute\" \/>\n<script type=\"application\/ld+json\" class=\"yoast-schema-graph\">{\"@context\":\"https:\\\/\\\/schema.org\",\"@graph\":[{\"@type\":\"WebPage\",\"@id\":\"\\\/fr\\\/travail\\\/exploration-de-carriere\\\/\",\"url\":\"https:\\\/\\\/workbccentre-princegeorge.ca\\\/fr\\\/travail\\\/exploration-de-carriere\\\/\",\"name\":\"Exploration de carri\u00e8re &#8211; WorkBC Prince George\",\"isPartOf\":{\"@id\":\"https:\\\/\\\/workbccentre-princegeorge.ca\\\/#website\"},\"primaryImageOfPage\":{\"@id\":\"https:\\\/\\\/workbccentre-princegeorge.ca\\\/fr\\\/travail\\\/exploration-de-carriere\\\/#primaryimage\"},\"image\":{\"@id\":\"https:\\\/\\\/workbccentre-princegeorge.ca\\\/fr\\\/travail\\\/exploration-de-carriere\\\/#primaryimage\"},\"thumbnailUrl\":\"https:\\\/\\\/workbccentre-princegeorge.ca\\\/wp-content\\\/uploads\\\/2019\\\/02\\\/careers.jpg\",\"datePublished\":\"2019-02-22T18:53:31+00:00\",\"dateModified\":\"2019-02-22T18:53:33+00:00\",\"breadcrumb\":{\"@id\":\"https:\\\/\\\/workbccentre-princegeorge.ca\\\/fr\\\/travail\\\/exploration-de-carriere\\\/#breadcrumb\"},\"inLanguage\":\"fr-FR\",\"potentialAction\":[{\"@type\":\"ReadAction\",\"target\":[\"https:\\\/\\\/workbccentre-princegeorge.ca\\\/fr\\\/travail\\\/exploration-de-carriere\\\/\"]}]},{\"@type\":\"ImageObject\",\"inLanguage\":\"fr-FR\",\"@id\":\"https:\\\/\\\/workbccentre-princegeorge.ca\\\/fr\\\/travail\\\/exploration-de-carriere\\\/#primaryimage\",\"url\":\"https:\\\/\\\/workbccentre-princegeorge.ca\\\/wp-content\\\/uploads\\\/2019\\\/02\\\/careers.jpg\",\"contentUrl\":\"https:\\\/\\\/workbccentre-princegeorge.ca\\\/wp-content\\\/uploads\\\/2019\\\/02\\\/careers.jpg\",\"width\":1140,\"height\":250},{\"@type\":\"BreadcrumbList\",\"@id\":\"https:\\\/\\\/workbccentre-princegeorge.ca\\\/fr\\\/travail\\\/exploration-de-carriere\\\/#breadcrumb\",\"itemListElement\":[{\"@type\":\"ListItem\",\"position\":1,\"name\":\"Accueil\",\"item\":\"\\\/fr\\\/\"},{\"@type\":\"ListItem\",\"position\":2,\"name\":\"Travail\",\"item\":\"\\\/fr\\\/travail\\\/\"},{\"@type\":\"ListItem\",\"position\":3,\"name\":\"Exploration de carri\u00e8re\"}]},{\"@type\":\"WebSite\",\"@id\":\"https:\\\/\\\/workbccentre-princegeorge.ca\\\/#website\",\"url\":\"https:\\\/\\\/workbccentre-princegeorge.ca\\\/\",\"name\":\"WorkBC Prince George\",\"description\":\"WorkBC Centre\",\"potentialAction\":[{\"@type\":\"SearchAction\",\"target\":{\"@type\":\"EntryPoint\",\"urlTemplate\":\"https:\\\/\\\/workbccentre-princegeorge.ca\\\/?s={search_term_string}\"},\"query-input\":{\"@type\":\"PropertyValueSpecification\",\"valueRequired\":true,\"valueName\":\"search_term_string\"}}],\"inLanguage\":\"fr-FR\"}]}<\/script>\n<!-- \/ Yoast SEO plugin. -->","yoast_head_json":{"title":"Exploration de carri\u00e8re &#8211; WorkBC Prince George","robots":{"index":"index","follow":"follow","max-snippet":"max-snippet:-1","max-image-preview":"max-image-preview:large","max-video-preview":"max-video-preview:-1"},"canonical":"https:\/\/workbccentre-princegeorge.ca\/fr\/travail\/exploration-de-carriere\/","og_locale":"fr_FR","og_type":"article","og_title":"Exploration de carri\u00e8re &#8211; WorkBC Prince George","og_description":"Trouvez l\u2019emploi de vos r\u00eaves! Notre personnel sympathique se fera un plaisir de discuter des possibilit\u00e9s de carri\u00e8re qui s\u2019offrent \u00e0 vous et de vous aider \u00e0 trouver l\u2019emploi qui vous convient. Un \u00e9ventail de ressources sont accessibles en ligne pour vous aider \u00e0 en apprendre davantage sur les emplois offerts en Colombie-Britannique. Ces ressources [&hellip;]","og_url":"\/fr\/travail\/exploration-de-carriere\/","og_site_name":"WorkBC Prince George","article_publisher":"https:\/\/facebook.com\/workbcprincegeorge","article_modified_time":"2019-02-22T18:53:33+00:00","og_image":[{"width":1140,"height":250,"url":"https:\/\/workbccentre-princegeorge.ca\/wp-content\/uploads\/2019\/02\/careers.jpg","type":"image\/jpeg"}],"twitter_card":"summary_large_image","twitter_misc":{"Dur\u00e9e de lecture estim\u00e9e":"1 minute"},"schema":{"@context":"https:\/\/schema.org","@graph":[{"@type":"WebPage","@id":"\/fr\/travail\/exploration-de-carriere\/","url":"https:\/\/workbccentre-princegeorge.ca\/fr\/travail\/exploration-de-carriere\/","name":"Exploration de carri\u00e8re &#8211; WorkBC Prince George","isPartOf":{"@id":"https:\/\/workbccentre-princegeorge.ca\/#website"},"primaryImageOfPage":{"@id":"https:\/\/workbccentre-princegeorge.ca\/fr\/travail\/exploration-de-carriere\/#primaryimage"},"image":{"@id":"https:\/\/workbccentre-princegeorge.ca\/fr\/travail\/exploration-de-carriere\/#primaryimage"},"thumbnailUrl":"https:\/\/workbccentre-princegeorge.ca\/wp-content\/uploads\/2019\/02\/careers.jpg","datePublished":"2019-02-22T18:53:31+00:00","dateModified":"2019-02-22T18:53:33+00:00","breadcrumb":{"@id":"https:\/\/workbccentre-princegeorge.ca\/fr\/travail\/exploration-de-carriere\/#breadcrumb"},"inLanguage":"fr-FR","potentialAction":[{"@type":"ReadAction","target":["https:\/\/workbccentre-princegeorge.ca\/fr\/travail\/exploration-de-carriere\/"]}]},{"@type":"ImageObject","inLanguage":"fr-FR","@id":"https:\/\/workbccentre-princegeorge.ca\/fr\/travail\/exploration-de-carriere\/#primaryimage","url":"https:\/\/workbccentre-princegeorge.ca\/wp-content\/uploads\/2019\/02\/careers.jpg","contentUrl":"https:\/\/workbccentre-princegeorge.ca\/wp-content\/uploads\/2019\/02\/careers.jpg","width":1140,"height":250},{"@type":"BreadcrumbList","@id":"https:\/\/workbccentre-princegeorge.ca\/fr\/travail\/exploration-de-carriere\/#breadcrumb","itemListElement":[{"@type":"ListItem","position":1,"name":"Accueil","item":"\/fr\/"},{"@type":"ListItem","position":2,"name":"Travail","item":"\/fr\/travail\/"},{"@type":"ListItem","position":3,"name":"Exploration de carri\u00e8re"}]},{"@type":"WebSite","@id":"https:\/\/workbccentre-princegeorge.ca\/#website","url":"https:\/\/workbccentre-princegeorge.ca\/","name":"WorkBC Prince George","description":"WorkBC Centre","potentialAction":[{"@type":"SearchAction","target":{"@type":"EntryPoint","urlTemplate":"https:\/\/workbccentre-princegeorge.ca\/?s={search_term_string}"},"query-input":{"@type":"PropertyValueSpecification","valueRequired":true,"valueName":"search_term_string"}}],"inLanguage":"fr-FR"}]}},"_links":{"self":[{"href":"https:\/\/workbccentre-princegeorge.ca\/fr\/wp-json\/wp\/v2\/pages\/294","targetHints":{"allow":["GET"]}}],"collection":[{"href":"https:\/\/workbccentre-princegeorge.ca\/fr\/wp-json\/wp\/v2\/pages"}],"about":[{"href":"https:\/\/workbccentre-princegeorge.ca\/fr\/wp-json\/wp\/v2\/types\/page"}],"author":[{"embeddable":true,"href":"https:\/\/workbccentre-princegeorge.ca\/fr\/wp-json\/wp\/v2\/users\/3"}],"replies":[{"embeddable":true,"href":"https:\/\/workbccentre-princegeorge.ca\/fr\/wp-json\/wp\/v2\/comments?post=294"}],"version-history":[{"count":0,"href":"https:\/\/workbccentre-princegeorge.ca\/fr\/wp-json\/wp\/v2\/pages\/294\/revisions"}],"up":[{"embeddable":true,"href":"https:\/\/workbccentre-princegeorge.ca\/fr\/wp-json\/wp\/v2\/pages\/245"}],"wp:featuredmedia":[{"embeddable":true,"href":"https:\/\/workbccentre-princegeorge.ca\/fr\/wp-json\/wp\/v2\/media\/170"}],"wp:attachment":[{"href":"https:\/\/workbccentre-princegeorge.ca\/fr\/wp-json\/wp\/v2\/media?parent=294"}],"curies":[{"name":"wp","href":"https:\/\/api.w.org\/{rel}","templated":true}]}}